{"id":213,"date":"2024-09-21T16:02:51","date_gmt":"2024-09-21T14:02:51","guid":{"rendered":"http:\/\/localhost:8888\/trail\/?page_id=213"},"modified":"2024-09-24T18:33:07","modified_gmt":"2024-09-24T16:33:07","slug":"contact","status":"publish","type":"page","link":"https:\/\/trail-serre-chevalier.com\/index.php\/contact\/","title":{"rendered":"Contact"},"content":{"rendered":"\n<div class=\"wp-block-group is-layout-flow wp-block-group-is-layout-flow\" style=\"margin-top:0;margin-bottom:0;padding-right:0;padding-left:0\">\n<h2 class=\"wp-block-heading has-heading-font-family has-large-font-size\" style=\"margin-top:var(--wp--preset--spacing--40);margin-right:0;margin-bottom:0;margin-left:0;padding-right:0;padding-left:0;text-transform:none\">Nous contacter<\/h2>\n\n\n\n<p class=\"justifier has-small-font-size\">Pour toute question relative \u00e0 l&rsquo;une de nos courses ou pour toute autre demande, n&rsquo;h\u00e9sitez pas \u00e0 nous contacter par le formulaire&#8230;<\/p>\n\n\n<style id=\"wpforms-css-vars-root\">\n\t\t\t\t:root {\n\t\t\t\t\t--wpforms-field-border-radius: 3px;\n--wpforms-field-border-style: solid;\n--wpforms-field-border-size: 1px;\n--wpforms-field-background-color: #ffffff;\n--wpforms-field-border-color: rgba( 0, 0, 0, 0.25 );\n--wpforms-field-border-color-spare: rgba( 0, 0, 0, 0.25 );\n--wpforms-field-text-color: rgba( 0, 0, 0, 0.7 );\n--wpforms-field-menu-color: #ffffff;\n--wpforms-label-color: rgba( 0, 0, 0, 0.85 );\n--wpforms-label-sublabel-color: rgba( 0, 0, 0, 0.55 );\n--wpforms-label-error-color: #d63637;\n--wpforms-button-border-radius: 3px;\n--wpforms-button-border-style: none;\n--wpforms-button-border-size: 1px;\n--wpforms-button-background-color: #066aab;\n--wpforms-button-border-color: #066aab;\n--wpforms-button-text-color: #ffffff;\n--wpforms-page-break-color: #066aab;\n--wpforms-background-image: none;\n--wpforms-background-position: center center;\n--wpforms-background-repeat: no-repeat;\n--wpforms-background-size: cover;\n--wpforms-background-width: 100px;\n--wpforms-background-height: 100px;\n--wpforms-background-color: rgba( 0, 0, 0, 0 );\n--wpforms-background-url: none;\n--wpforms-container-padding: 0px;\n--wpforms-container-border-style: none;\n--wpforms-container-border-width: 1px;\n--wpforms-container-border-color: #000000;\n--wpforms-container-border-radius: 3px;\n--wpforms-field-size-input-height: 43px;\n--wpforms-field-size-input-spacing: 15px;\n--wpforms-field-size-font-size: 16px;\n--wpforms-field-size-line-height: 19px;\n--wpforms-field-size-padding-h: 14px;\n--wpforms-field-size-checkbox-size: 16px;\n--wpforms-field-size-sublabel-spacing: 5px;\n--wpforms-field-size-icon-size: 1;\n--wpforms-label-size-font-size: 16px;\n--wpforms-label-size-line-height: 19px;\n--wpforms-label-size-sublabel-font-size: 14px;\n--wpforms-label-size-sublabel-line-height: 17px;\n--wpforms-button-size-font-size: 17px;\n--wpforms-button-size-height: 41px;\n--wpforms-button-size-padding-h: 15px;\n--wpforms-button-size-margin-top: 10px;\n--wpforms-container-shadow-size-box-shadow: none;\n\n\t\t\t\t}\n\t\t\t<\/style><style id=\"wpforms-css-vars-221-block-fbdd02ad-bd49-4205-a9f6-b543f1378f52\">\n\t\t\t\t#wpforms-221.wpforms-block-fbdd02ad-bd49-4205-a9f6-b543f1378f52 {\n\t\t\t\t\t--wpforms-field-size-input-height: 43px;\n--wpforms-field-size-input-spacing: 15px;\n--wpforms-field-size-font-size: 16px;\n--wpforms-field-size-line-height: 19px;\n--wpforms-field-size-padding-h: 14px;\n--wpforms-field-size-checkbox-size: 16px;\n--wpforms-field-size-sublabel-spacing: 5px;\n--wpforms-field-size-icon-size: 1;\n--wpforms-label-size-font-size: 16px;\n--wpforms-label-size-line-height: 19px;\n--wpforms-label-size-sublabel-font-size: 14px;\n--wpforms-label-size-sublabel-line-height: 17px;\n--wpforms-button-size-font-size: 17px;\n--wpforms-button-size-height: 41px;\n--wpforms-button-size-padding-h: 15px;\n--wpforms-button-size-margin-top: 10px;\n\n\t\t\t\t}\n\t\t\t<\/style><div class=\"wpforms-container wpforms-container-full wpforms-block wpforms-block-fbdd02ad-bd49-4205-a9f6-b543f1378f52 wpforms-render-modern\" id=\"wpforms-221\"><form id=\"wpforms-form-221\" class=\"wpforms-validate wpforms-form wpforms-ajax-form\" data-formid=\"221\" method=\"post\" enctype=\"multipart\/form-data\" action=\"\/index.php\/wp-json\/wp\/v2\/pages\/213\" data-token=\"8a249d3d52fca46b1af4a11483329a6a\" data-token-time=\"1777741150\"><noscript class=\"wpforms-error-noscript\">Veuillez activer JavaScript dans votre navigateur pour remplir ce formulaire.<\/noscript><div class=\"wpforms-hidden\" id=\"wpforms-error-noscript\">Veuillez activer JavaScript dans votre navigateur pour remplir ce formulaire.<\/div><div class=\"wpforms-field-container\"><div id=\"wpforms-221-field_1-container\" class=\"wpforms-field wpforms-field-name\" data-field-id=\"1\"><fieldset><legend class=\"wpforms-field-label\">Nom <span class=\"wpforms-required-label\" aria-hidden=\"true\">*<\/span><\/legend><div class=\"wpforms-field-row wpforms-field-medium\"><div class=\"wpforms-field-row-block wpforms-first wpforms-one-half\"><input type=\"text\" id=\"wpforms-221-field_1\" class=\"wpforms-field-name-first wpforms-field-required\" name=\"wpforms[fields][1][first]\" aria-errormessage=\"wpforms-221-field_1-error\" required><label for=\"wpforms-221-field_1\" class=\"wpforms-field-sublabel after\">Pr\u00e9nom<\/label><\/div><div class=\"wpforms-field-row-block wpforms-one-half\"><input type=\"text\" id=\"wpforms-221-field_1-last\" class=\"wpforms-field-name-last wpforms-field-required\" name=\"wpforms[fields][1][last]\" aria-errormessage=\"wpforms-221-field_1-last-error\" required><label for=\"wpforms-221-field_1-last\" class=\"wpforms-field-sublabel after\">Nom<\/label><\/div><\/div><\/fieldset><\/div><div id=\"wpforms-221-field_2-container\" class=\"wpforms-field wpforms-field-email\" data-field-id=\"2\"><label class=\"wpforms-field-label\" for=\"wpforms-221-field_2\">E-mail <span class=\"wpforms-required-label\" aria-hidden=\"true\">*<\/span><\/label><input type=\"email\" id=\"wpforms-221-field_2\" class=\"wpforms-field-medium wpforms-field-required\" name=\"wpforms[fields][2]\" spellcheck=\"false\" aria-errormessage=\"wpforms-221-field_2-error\" required><\/div><div id=\"wpforms-221-field_3-container\" class=\"wpforms-field wpforms-field-textarea\" data-field-id=\"3\"><label class=\"wpforms-field-label\" for=\"wpforms-221-field_3\">Commentaire ou message<\/label><textarea id=\"wpforms-221-field_3\" class=\"wpforms-field-medium\" name=\"wpforms[fields][3]\" aria-errormessage=\"wpforms-221-field_3-error\" ><\/textarea><\/div><\/div><!-- .wpforms-field-container --><div class=\"wpforms-submit-container\" ><input type=\"hidden\" name=\"wpforms[id]\" value=\"221\"><input type=\"hidden\" name=\"page_title\" value=\"\"><input type=\"hidden\" name=\"page_url\" value=\"https:\/\/trail-serre-chevalier.com\/index.php\/wp-json\/wp\/v2\/pages\/213\"><button type=\"submit\" name=\"wpforms[submit]\" id=\"wpforms-submit-221\" class=\"wpforms-submit\" data-alt-text=\"Envoi...\" data-submit-text=\"Envoyer\" aria-live=\"assertive\" value=\"wpforms-submit\">Envoyer<\/button><img loading=\"lazy\" decoding=\"async\" src=\"https:\/\/trail-serre-chevalier.com\/wp-content\/plugins\/wpforms-lite\/assets\/images\/submit-spin.svg\" class=\"wpforms-submit-spinner\" style=\"display: none;\" width=\"26\" height=\"26\" alt=\"Chargement en cours\"><\/div><\/form><\/div>  <!-- .wpforms-container --><\/div>\n","protected":false},"excerpt":{"rendered":"<p>Nous contacter Pour toute question relative \u00e0 l&rsquo;une de nos courses ou pour toute autre demande, n&rsquo;h\u00e9sitez pas \u00e0 nous contacter par le formulaire&#8230;<\/p>\n","protected":false},"author":1,"featured_media":0,"parent":0,"menu_order":0,"comment_status":"closed","ping_status":"closed","template":"page-no-title","meta":{"footnotes":""},"class_list":["post-213","page","type-page","status-publish","hentry"],"yoast_head":"<!-- This site is optimized with the Yoast SEO plugin v26.7 - https:\/\/yoast.com\/wordpress\/plugins\/seo\/ -->\n<title>Contact - Trail Serre Chevalier<\/title>\n<meta name=\"description\" content=\"Trail Serre Chevalier - Contact - Formulaire de contact - Contacter l&#039;organisation du Serre Che Trail et du Vauban Urban Trail\" \/>\n<meta name=\"robots\" content=\"index, follow, max-snippet:-1, max-image-preview:large, max-video-preview:-1\" \/>\n<link rel=\"canonical\" href=\"https:\/\/trail-serre-chevalier.com\/index.php\/contact\/\" \/>\n<meta property=\"og:locale\" content=\"fr_FR\" \/>\n<meta property=\"og:type\" content=\"article\" \/>\n<meta property=\"og:title\" content=\"Contact - Trail Serre Chevalier\" \/>\n<meta property=\"og:description\" content=\"Trail Serre Chevalier - Contact - Formulaire de contact - Contacter l&#039;organisation du Serre Che Trail et du Vauban Urban Trail\" \/>\n<meta property=\"og:url\" content=\"https:\/\/trail-serre-chevalier.com\/index.php\/contact\/\" \/>\n<meta property=\"og:site_name\" content=\"Trail Serre Chevalier\" \/>\n<meta property=\"article:publisher\" content=\"https:\/\/www.facebook.com\/serrechetrailsalomon\" \/>\n<meta property=\"article:modified_time\" content=\"2024-09-24T16:33:07+00:00\" \/>\n<meta name=\"twitter:card\" content=\"summary_large_image\" \/>\n<meta name=\"twitter:label1\" content=\"Dur\u00e9e de lecture estim\u00e9e\" \/>\n\t<meta name=\"twitter:data1\" content=\"1 minute\" \/>\n<script type=\"application\/ld+json\" class=\"yoast-schema-graph\">{\"@context\":\"https:\/\/schema.org\",\"@graph\":[{\"@type\":\"WebPage\",\"@id\":\"https:\/\/trail-serre-chevalier.com\/index.php\/contact\/\",\"url\":\"https:\/\/trail-serre-chevalier.com\/index.php\/contact\/\",\"name\":\"Contact - Trail Serre Chevalier\",\"isPartOf\":{\"@id\":\"https:\/\/trail-serre-chevalier.com\/#website\"},\"datePublished\":\"2024-09-21T14:02:51+00:00\",\"dateModified\":\"2024-09-24T16:33:07+00:00\",\"description\":\"Trail Serre Chevalier - Contact - Formulaire de contact - Contacter l'organisation du Serre Che Trail et du Vauban Urban Trail\",\"breadcrumb\":{\"@id\":\"https:\/\/trail-serre-chevalier.com\/index.php\/contact\/#breadcrumb\"},\"inLanguage\":\"fr-FR\",\"potentialAction\":[{\"@type\":\"ReadAction\",\"target\":[\"https:\/\/trail-serre-chevalier.com\/index.php\/contact\/\"]}]},{\"@type\":\"BreadcrumbList\",\"@id\":\"https:\/\/trail-serre-chevalier.com\/index.php\/contact\/#breadcrumb\",\"itemListElement\":[{\"@type\":\"ListItem\",\"position\":1,\"name\":\"Accueil\",\"item\":\"https:\/\/trail-serre-chevalier.com\/\"},{\"@type\":\"ListItem\",\"position\":2,\"name\":\"Contact\"}]},{\"@type\":\"WebSite\",\"@id\":\"https:\/\/trail-serre-chevalier.com\/#website\",\"url\":\"https:\/\/trail-serre-chevalier.com\/\",\"name\":\"Trail Serre Chevalier\",\"description\":\"Une vall\u00e9e, 4 \u00e9v\u00e8nements\",\"publisher\":{\"@id\":\"https:\/\/trail-serre-chevalier.com\/#organization\"},\"alternateName\":\"Serre Che Trail\",\"potentialAction\":[{\"@type\":\"SearchAction\",\"target\":{\"@type\":\"EntryPoint\",\"urlTemplate\":\"https:\/\/trail-serre-chevalier.com\/?s={search_term_string}\"},\"query-input\":{\"@type\":\"PropertyValueSpecification\",\"valueRequired\":true,\"valueName\":\"search_term_string\"}}],\"inLanguage\":\"fr-FR\"},{\"@type\":\"Organization\",\"@id\":\"https:\/\/trail-serre-chevalier.com\/#organization\",\"name\":\"Trail Serre Chevalier\",\"alternateName\":\"Serre Che Trail\",\"url\":\"https:\/\/trail-serre-chevalier.com\/\",\"logo\":{\"@type\":\"ImageObject\",\"inLanguage\":\"fr-FR\",\"@id\":\"https:\/\/trail-serre-chevalier.com\/#\/schema\/logo\/image\/\",\"url\":\"https:\/\/trail-serre-chevalier.com\/wp-content\/uploads\/2024\/09\/LOGO-SCT-QUADRI.png\",\"contentUrl\":\"https:\/\/trail-serre-chevalier.com\/wp-content\/uploads\/2024\/09\/LOGO-SCT-QUADRI.png\",\"width\":1100,\"height\":1100,\"caption\":\"Trail Serre Chevalier\"},\"image\":{\"@id\":\"https:\/\/trail-serre-chevalier.com\/#\/schema\/logo\/image\/\"},\"sameAs\":[\"https:\/\/www.facebook.com\/serrechetrailsalomon\",\"https:\/\/www.instagram.com\/serrechetrail\/?igshid=MzMyNGUyNmU2YQ\"]}]}<\/script>\n<!-- \/ Yoast SEO plugin. -->","yoast_head_json":{"title":"Contact - Trail Serre Chevalier","description":"Trail Serre Chevalier - Contact - Formulaire de contact - Contacter l'organisation du Serre Che Trail et du Vauban Urban Trail","robots":{"index":"index","follow":"follow","max-snippet":"max-snippet:-1","max-image-preview":"max-image-preview:large","max-video-preview":"max-video-preview:-1"},"canonical":"https:\/\/trail-serre-chevalier.com\/index.php\/contact\/","og_locale":"fr_FR","og_type":"article","og_title":"Contact - Trail Serre Chevalier","og_description":"Trail Serre Chevalier - Contact - Formulaire de contact - Contacter l'organisation du Serre Che Trail et du Vauban Urban Trail","og_url":"https:\/\/trail-serre-chevalier.com\/index.php\/contact\/","og_site_name":"Trail Serre Chevalier","article_publisher":"https:\/\/www.facebook.com\/serrechetrailsalomon","article_modified_time":"2024-09-24T16:33:07+00:00","twitter_card":"summary_large_image","twitter_misc":{"Dur\u00e9e de lecture estim\u00e9e":"1 minute"},"schema":{"@context":"https:\/\/schema.org","@graph":[{"@type":"WebPage","@id":"https:\/\/trail-serre-chevalier.com\/index.php\/contact\/","url":"https:\/\/trail-serre-chevalier.com\/index.php\/contact\/","name":"Contact - Trail Serre Chevalier","isPartOf":{"@id":"https:\/\/trail-serre-chevalier.com\/#website"},"datePublished":"2024-09-21T14:02:51+00:00","dateModified":"2024-09-24T16:33:07+00:00","description":"Trail Serre Chevalier - Contact - Formulaire de contact - Contacter l'organisation du Serre Che Trail et du Vauban Urban Trail","breadcrumb":{"@id":"https:\/\/trail-serre-chevalier.com\/index.php\/contact\/#breadcrumb"},"inLanguage":"fr-FR","potentialAction":[{"@type":"ReadAction","target":["https:\/\/trail-serre-chevalier.com\/index.php\/contact\/"]}]},{"@type":"BreadcrumbList","@id":"https:\/\/trail-serre-chevalier.com\/index.php\/contact\/#breadcrumb","itemListElement":[{"@type":"ListItem","position":1,"name":"Accueil","item":"https:\/\/trail-serre-chevalier.com\/"},{"@type":"ListItem","position":2,"name":"Contact"}]},{"@type":"WebSite","@id":"https:\/\/trail-serre-chevalier.com\/#website","url":"https:\/\/trail-serre-chevalier.com\/","name":"Trail Serre Chevalier","description":"Une vall\u00e9e, 4 \u00e9v\u00e8nements","publisher":{"@id":"https:\/\/trail-serre-chevalier.com\/#organization"},"alternateName":"Serre Che Trail","potentialAction":[{"@type":"SearchAction","target":{"@type":"EntryPoint","urlTemplate":"https:\/\/trail-serre-chevalier.com\/?s={search_term_string}"},"query-input":{"@type":"PropertyValueSpecification","valueRequired":true,"valueName":"search_term_string"}}],"inLanguage":"fr-FR"},{"@type":"Organization","@id":"https:\/\/trail-serre-chevalier.com\/#organization","name":"Trail Serre Chevalier","alternateName":"Serre Che Trail","url":"https:\/\/trail-serre-chevalier.com\/","logo":{"@type":"ImageObject","inLanguage":"fr-FR","@id":"https:\/\/trail-serre-chevalier.com\/#\/schema\/logo\/image\/","url":"https:\/\/trail-serre-chevalier.com\/wp-content\/uploads\/2024\/09\/LOGO-SCT-QUADRI.png","contentUrl":"https:\/\/trail-serre-chevalier.com\/wp-content\/uploads\/2024\/09\/LOGO-SCT-QUADRI.png","width":1100,"height":1100,"caption":"Trail Serre Chevalier"},"image":{"@id":"https:\/\/trail-serre-chevalier.com\/#\/schema\/logo\/image\/"},"sameAs":["https:\/\/www.facebook.com\/serrechetrailsalomon","https:\/\/www.instagram.com\/serrechetrail\/?igshid=MzMyNGUyNmU2YQ"]}]}},"_links":{"self":[{"href":"https:\/\/trail-serre-chevalier.com\/index.php\/wp-json\/wp\/v2\/pages\/213","targetHints":{"allow":["GET"]}}],"collection":[{"href":"https:\/\/trail-serre-chevalier.com\/index.php\/wp-json\/wp\/v2\/pages"}],"about":[{"href":"https:\/\/trail-serre-chevalier.com\/index.php\/wp-json\/wp\/v2\/types\/page"}],"author":[{"embeddable":true,"href":"https:\/\/trail-serre-chevalier.com\/index.php\/wp-json\/wp\/v2\/users\/1"}],"replies":[{"embeddable":true,"href":"https:\/\/trail-serre-chevalier.com\/index.php\/wp-json\/wp\/v2\/comments?post=213"}],"version-history":[{"count":50,"href":"https:\/\/trail-serre-chevalier.com\/index.php\/wp-json\/wp\/v2\/pages\/213\/revisions"}],"predecessor-version":[{"id":1283,"href":"https:\/\/trail-serre-chevalier.com\/index.php\/wp-json\/wp\/v2\/pages\/213\/revisions\/1283"}],"wp:attachment":[{"href":"https:\/\/trail-serre-chevalier.com\/index.php\/wp-json\/wp\/v2\/media?parent=213"}],"curies":[{"name":"wp","href":"https:\/\/api.w.org\/{rel}","templated":true}]}}